{"id":1930,"date":"2023-08-22T22:31:15","date_gmt":"2023-08-22T20:31:15","guid":{"rendered":"https:\/\/kitesurfnormandie.fr\/?page_id=1930"},"modified":"2026-03-21T15:42:27","modified_gmt":"2026-03-21T14:42:27","slug":"wingfoil","status":"publish","type":"page","link":"https:\/\/kitesurfnormandie.fr\/?page_id=1930","title":{"rendered":"WingFoil"},"content":{"rendered":"\t\t<div data-elementor-type=\"wp-page\" data-elementor-id=\"1930\" class=\"elementor elementor-1930\">\n\t\t\t\t\t\t<section class=\"elementor-section elementor-top-section elementor-element elementor-element-5eir1wz elementor-section-boxed elementor-section-height-default elementor-section-height-default\" data-id=\"5eir1wz\" data-element_type=\"section\" data-e-type=\"section\" data-settings=\"{&quot;background_background&quot;:&quot;classic&quot;,&quot;shape_divider_bottom&quot;:&quot;curve&quot;,&quot;shape_divider_bottom_negative&quot;:&quot;yes&quot;}\">\n\t\t\t\t\t\t\t<div class=\"elementor-background-overlay\"><\/div>\n\t\t\t\t\t\t<div class=\"elementor-shape elementor-shape-bottom\" aria-hidden=\"true\" data-negative=\"true\">\n\t\t\t<svg xmlns=\"http:\/\/www.w3.org\/2000\/svg\" viewBox=\"0 0 1000 100\" preserveAspectRatio=\"none\">\n\t<path class=\"elementor-shape-fill\" d=\"M500,97C126.7,96.3,0.8,19.8,0,0v100l1000,0V1C1000,19.4,873.3,97.8,500,97z\"\/>\n<\/svg>\t\t<\/div>\n\t\t\t\t\t<div class=\"elementor-container elementor-column-gap-default\">\n\t\t\t\t\t<div class=\"elementor-column elementor-col-100 elementor-top-column elementor-element elementor-element-ce7f283\" data-id=\"ce7f283\" data-element_type=\"column\" data-e-type=\"column\">\n\t\t\t<div class=\"elementor-widget-wrap elementor-element-populated\">\n\t\t\t\t\t\t<div class=\"elementor-element elementor-element-99401a6 elementor-absolute elementor-widget elementor-widget-heading\" data-id=\"99401a6\" data-element_type=\"widget\" data-e-type=\"widget\" data-settings=\"{&quot;_position&quot;:&quot;absolute&quot;}\" data-widget_type=\"heading.default\">\n\t\t\t\t<div class=\"elementor-widget-container\">\n\t\t\t\t\t<h2 class=\"elementor-heading-title elementor-size-default\">WING FOIL<\/h2>\t\t\t\t<\/div>\n\t\t\t\t<\/div>\n\t\t\t\t\t<\/div>\n\t\t<\/div>\n\t\t\t\t\t<\/div>\n\t\t<\/section>\n\t\t\t\t<section class=\"elementor-section elementor-top-section elementor-element elementor-element-twnsl8q elementor-section-boxed elementor-section-height-default elementor-section-height-default\" data-id=\"twnsl8q\" data-element_type=\"section\" data-e-type=\"section\">\n\t\t\t\t\t\t<div class=\"elementor-container elementor-column-gap-default\">\n\t\t\t\t\t<div class=\"elementor-column elementor-col-100 elementor-top-column elementor-element elementor-element-c7f0df3\" data-id=\"c7f0df3\" data-element_type=\"column\" data-e-type=\"column\">\n\t\t\t<div class=\"elementor-widget-wrap elementor-element-populated\">\n\t\t\t\t\t\t<div class=\"elementor-element elementor-element-c0a644f elementor-widget elementor-widget-video\" data-id=\"c0a644f\" data-element_type=\"widget\" data-e-type=\"widget\" data-settings=\"{&quot;youtube_url&quot;:&quot;https:\\\/\\\/www.youtube.com\\\/watch?v=5dQhd3rlB7A&amp;ab_channel=Kite-REvolution&quot;,&quot;show_image_overlay&quot;:&quot;yes&quot;,&quot;image_overlay&quot;:{&quot;url&quot;:&quot;&quot;,&quot;id&quot;:&quot;&quot;,&quot;size&quot;:&quot;&quot;},&quot;video_type&quot;:&quot;youtube&quot;}\" data-widget_type=\"video.default\">\n\t\t\t\t<div class=\"elementor-widget-container\">\n\t\t\t\t\t\t\t<div class=\"elementor-wrapper elementor-open-inline\">\n\t\t\t<div class=\"elementor-video\"><\/div>\t\t<\/div>\n\t\t\t\t\t\t<\/div>\n\t\t\t\t<\/div>\n\t\t\t\t\t<\/div>\n\t\t<\/div>\n\t\t\t\t\t<\/div>\n\t\t<\/section>\n\t\t\t\t<section class=\"elementor-section elementor-top-section elementor-element elementor-element-5l65p58 elementor-section-content-middle elementor-section-boxed elementor-section-height-default elementor-section-height-default\" data-id=\"5l65p58\" data-element_type=\"section\" data-e-type=\"section\" data-settings=\"{&quot;background_background&quot;:&quot;classic&quot;}\">\n\t\t\t\t\t\t\t<div class=\"elementor-background-overlay\"><\/div>\n\t\t\t\t\t\t\t<div class=\"elementor-container elementor-column-gap-no\">\n\t\t\t\t\t<div class=\"elementor-column elementor-col-66 elementor-top-column elementor-element elementor-element-973e357\" data-id=\"973e357\" data-element_type=\"column\" data-e-type=\"column\">\n\t\t\t<div class=\"elementor-widget-wrap elementor-element-populated\">\n\t\t\t\t\t\t<div class=\"elementor-element elementor-element-e76438a elementor-invisible elementor-widget elementor-widget-heading\" data-id=\"e76438a\" data-element_type=\"widget\" data-e-type=\"widget\" data-settings=\"{&quot;_animation&quot;:&quot;fadeInLeft&quot;}\" data-widget_type=\"heading.default\">\n\t\t\t\t<div class=\"elementor-widget-container\">\n\t\t\t\t\t<h2 class=\"elementor-heading-title elementor-size-default\">L'harmonie parfaite entre le windsurf, le kitesurf et le paddle.<\/h2>\t\t\t\t<\/div>\n\t\t\t\t<\/div>\n\t\t\t\t<div class=\"elementor-element elementor-element-19ec08d elementor-invisible elementor-widget elementor-widget-text-editor\" data-id=\"19ec08d\" data-element_type=\"widget\" data-e-type=\"widget\" data-settings=\"{&quot;_animation&quot;:&quot;fadeInLeft&quot;}\" data-widget_type=\"text-editor.default\">\n\t\t\t\t<div class=\"elementor-widget-container\">\n\t\t\t\t\t\t\t\t\t<p>Le Wing Foil ouvre la voie \u00e0 un envol au-dessus des vagues, une exp\u00e9rience unique qui marie la sensation du vent avec la glisse sur l&rsquo;eau.<\/p><p>Cette discipline novatrice se pratique sur une planche de stand up paddle courte et volumineuse, offrant une plateforme stable pour un apprentissage en toute facilit\u00e9, en jouant sur la flottaison et l&rsquo;\u00e9quilibre.<\/p><p>S&rsquo;initier au Wing Foil, c&rsquo;est explorer de nouvelles dimensions de plaisir de glisse, c&rsquo;est naviguer en s\u00e9curit\u00e9 tout en utilisant un \u00e9quipement relativement simple \u00e0 apprivoiser et \u00e0 mettre en place.<\/p>\t\t\t\t\t\t\t\t<\/div>\n\t\t\t\t<\/div>\n\t\t\t\t\t<\/div>\n\t\t<\/div>\n\t\t\t\t<div class=\"elementor-column elementor-col-33 elementor-top-column elementor-element elementor-element-543e915\" data-id=\"543e915\" data-element_type=\"column\" data-e-type=\"column\">\n\t\t\t<div class=\"elementor-widget-wrap elementor-element-populated\">\n\t\t\t\t\t\t<div class=\"elementor-element elementor-element-13b710b elementor-align-right elementor-mobile-align-center elementor-invisible elementor-widget elementor-widget-button\" data-id=\"13b710b\" data-element_type=\"widget\" data-e-type=\"widget\" data-settings=\"{&quot;_animation&quot;:&quot;fadeInRight&quot;}\" data-widget_type=\"button.default\">\n\t\t\t\t<div class=\"elementor-widget-container\">\n\t\t\t\t\t\t\t\t\t<div class=\"elementor-button-wrapper\">\n\t\t\t\t\t<a class=\"elementor-button elementor-button-link elementor-size-sm\" href=\"https:\/\/kitesurfnormandie.fr\/?page_id=1712\">\n\t\t\t\t\t\t<span class=\"elementor-button-content-wrapper\">\n\t\t\t\t\t\t\t\t\t<span class=\"elementor-button-text\">R\u00e9server votre cours de WingFoil<\/span>\n\t\t\t\t\t<\/span>\n\t\t\t\t\t<\/a>\n\t\t\t\t<\/div>\n\t\t\t\t\t\t\t\t<\/div>\n\t\t\t\t<\/div>\n\t\t\t\t\t<\/div>\n\t\t<\/div>\n\t\t\t\t\t<\/div>\n\t\t<\/section>\n\t\t\t\t<section class=\"elementor-section elementor-top-section elementor-element elementor-element-iuit20k elementor-section-content-middle elementor-section-boxed elementor-section-height-default elementor-section-height-default\" data-id=\"iuit20k\" data-element_type=\"section\" data-e-type=\"section\" data-settings=\"{&quot;background_background&quot;:&quot;classic&quot;}\">\n\t\t\t\t\t\t<div class=\"elementor-container elementor-column-gap-no\">\n\t\t\t\t\t<div class=\"elementor-column elementor-col-50 elementor-top-column elementor-element elementor-element-27a2e6f\" data-id=\"27a2e6f\" data-element_type=\"column\" data-e-type=\"column\">\n\t\t\t<div class=\"elementor-widget-wrap elementor-element-populated\">\n\t\t\t\t\t\t<div class=\"elementor-element elementor-element-efb3f58 elementor-invisible elementor-widget elementor-widget-video\" data-id=\"efb3f58\" data-element_type=\"widget\" data-e-type=\"widget\" data-settings=\"{&quot;youtube_url&quot;:&quot;https:\\\/\\\/youtu.be\\\/FXd_WD6WfXQ&quot;,&quot;_animation&quot;:&quot;fadeInLeft&quot;,&quot;video_type&quot;:&quot;youtube&quot;}\" data-widget_type=\"video.default\">\n\t\t\t\t<div class=\"elementor-widget-container\">\n\t\t\t\t\t\t\t<div class=\"elementor-wrapper elementor-open-inline\">\n\t\t\t<div class=\"elementor-video\"><\/div>\t\t<\/div>\n\t\t\t\t\t\t<\/div>\n\t\t\t\t<\/div>\n\t\t\t\t\t<\/div>\n\t\t<\/div>\n\t\t\t\t<div class=\"elementor-column elementor-col-50 elementor-top-column elementor-element elementor-element-fc55efe\" data-id=\"fc55efe\" data-element_type=\"column\" data-e-type=\"column\">\n\t\t\t<div class=\"elementor-widget-wrap elementor-element-populated\">\n\t\t\t\t\t\t<div class=\"elementor-element elementor-element-f07ba44 elementor-invisible elementor-widget elementor-widget-heading\" data-id=\"f07ba44\" data-element_type=\"widget\" data-e-type=\"widget\" data-settings=\"{&quot;_animation&quot;:&quot;fadeInRight&quot;}\" data-widget_type=\"heading.default\">\n\t\t\t\t<div class=\"elementor-widget-container\">\n\t\t\t\t\t<h1 class=\"elementor-heading-title elementor-size-large\">Apprentissage du foil tract\u00e9<\/h1>\t\t\t\t<\/div>\n\t\t\t\t<\/div>\n\t\t\t\t<div class=\"elementor-element elementor-element-a336775 elementor-invisible elementor-widget elementor-widget-text-editor\" data-id=\"a336775\" data-element_type=\"widget\" data-e-type=\"widget\" data-settings=\"{&quot;_animation&quot;:&quot;fadeInRight&quot;}\" data-widget_type=\"text-editor.default\">\n\t\t\t\t<div class=\"elementor-widget-container\">\n\t\t\t\t\t\t\t\t\t<p><br \/>L&rsquo;acquisition des comp\u00e9tences n\u00e9cessaires pour ma\u00eetriser le foil peut demander un peu plus de temps. Si vous \u00eates novice en mati\u00e8re de foil, vous commencerez par \u00eatre tract\u00e9 par un bateau, tout en recevant des conseils avis\u00e9s de votre instructeur pour faciliter votre apprentissage.<\/p><p>\u00a0<\/p>\t\t\t\t\t\t\t\t<\/div>\n\t\t\t\t<\/div>\n\t\t\t\t\t<\/div>\n\t\t<\/div>\n\t\t\t\t\t<\/div>\n\t\t<\/section>\n\t\t\t\t<section class=\"elementor-section elementor-top-section elementor-element elementor-element-af4716a elementor-section-boxed elementor-section-height-default elementor-section-height-default\" data-id=\"af4716a\" data-element_type=\"section\" data-e-type=\"section\">\n\t\t\t\t\t\t<div class=\"elementor-container elementor-column-gap-default\">\n\t\t\t\t\t<div class=\"elementor-column elementor-col-100 elementor-top-column elementor-element elementor-element-0d26d89\" data-id=\"0d26d89\" data-element_type=\"column\" data-e-type=\"column\">\n\t\t\t<div class=\"elementor-widget-wrap elementor-element-populated\">\n\t\t\t\t\t\t<div class=\"elementor-element elementor-element-dde0e8f elementor-view-default elementor-widget elementor-widget-icon\" data-id=\"dde0e8f\" data-element_type=\"widget\" data-e-type=\"widget\" data-widget_type=\"icon.default\">\n\t\t\t\t<div class=\"elementor-widget-container\">\n\t\t\t\t\t\t\t<div class=\"elementor-icon-wrapper\">\n\t\t\t<div class=\"elementor-icon\">\n\t\t\t<i aria-hidden=\"true\" class=\"far fa-arrow-alt-circle-down\"><\/i>\t\t\t<\/div>\n\t\t<\/div>\n\t\t\t\t\t\t<\/div>\n\t\t\t\t<\/div>\n\t\t\t\t<div class=\"elementor-element elementor-element-6575f16 elementor-widget elementor-widget-heading\" data-id=\"6575f16\" data-element_type=\"widget\" data-e-type=\"widget\" data-widget_type=\"heading.default\">\n\t\t\t\t<div class=\"elementor-widget-container\">\n\t\t\t\t\t<h2 class=\"elementor-heading-title elementor-size-default\">TARIFS WINGFOIL<\/h2>\t\t\t\t<\/div>\n\t\t\t\t<\/div>\n\t\t\t\t<div class=\"elementor-element elementor-element-eaf8d4a elementor-widget elementor-widget-text-editor\" data-id=\"eaf8d4a\" data-element_type=\"widget\" data-e-type=\"widget\" data-widget_type=\"text-editor.default\">\n\t\t\t\t<div class=\"elementor-widget-container\">\n\t\t\t\t\t\t\t\t\t<p>La s\u00e9ance peut \u00eatre r\u00e9gl\u00e9e sur place en ch\u00e8que, esp\u00e8ces ou par carte bancaire.<\/p><p>\u00a0<\/p><p><strong>Tarifs<\/strong><br \/>1 s\u00e9ance : 130\u20ac<br \/>Stage de 2 s\u00e9ances : 250\u20ac <br \/>Stage de 3 s\u00e9ances : 360\u20ac <br \/>Navigation surveill\u00e9e avec mat\u00e9riel personnel : 49\u20ac<\/p>\t\t\t\t\t\t\t\t<\/div>\n\t\t\t\t<\/div>\n\t\t\t\t\t<\/div>\n\t\t<\/div>\n\t\t\t\t\t<\/div>\n\t\t<\/section>\n\t\t\t\t<\/div>\n\t\t","protected":false},"excerpt":{"rendered":"<p>WING FOIL L&rsquo;harmonie parfaite entre le windsurf, le kitesurf et le paddle. Le Wing Foil ouvre la voie \u00e0 un envol au-dessus des vagues, une exp\u00e9rience unique qui marie la sensation du vent avec la glisse sur l&rsquo;eau. Cette discipline novatrice se pratique sur une planche de stand up paddle courte et volumineuse, offrant une [&hellip;]<\/p>\n","protected":false},"author":1,"featured_media":0,"parent":1710,"menu_order":0,"comment_status":"closed","ping_status":"closed","template":"","meta":{"_uag_custom_page_level_css":"","_monsterinsights_skip_tracking":false,"_monsterinsights_sitenote_active":false,"_monsterinsights_sitenote_note":"","_monsterinsights_sitenote_category":0,"site-sidebar-layout":"no-sidebar","site-content-layout":"page-builder","ast-site-content-layout":"full-width-container","site-content-style":"default","site-sidebar-style":"default","ast-global-header-display":"","ast-banner-title-visibility":"","ast-main-header-display":"","ast-hfb-above-header-display":"","ast-hfb-below-header-display":"","ast-hfb-mobile-header-display":"","site-post-title":"disabled","ast-breadcrumbs-content":"","ast-featured-img":"disabled","footer-sml-layout":"","theme-transparent-header-meta":"","adv-header-id-meta":"","stick-header-meta":"","header-above-stick-meta":"","header-main-stick-meta":"","header-below-stick-meta":"","astra-migrate-meta-layouts":"set","ast-page-background-enabled":"default","ast-page-background-meta":{"desktop":{"background-color":"var(--ast-global-color-4)","background-image":"","background-repeat":"repeat","background-position":"center center","background-size":"auto","background-attachment":"scroll","background-type":"","background-media":"","overlay-type":"","overlay-color":"","overlay-opacity":"","overlay-gradient":""},"tablet":{"background-color":"","background-image":"","background-repeat":"repeat","background-position":"center center","background-size":"auto","background-attachment":"scroll","background-type":"","background-media":"","overlay-type":"","overlay-color":"","overlay-opacity":"","overlay-gradient":""},"mobile":{"background-color":"","background-image":"","background-repeat":"repeat","background-position":"center center","background-size":"auto","background-attachment":"scroll","background-type":"","background-media":"","overlay-type":"","overlay-color":"","overlay-opacity":"","overlay-gradient":""}},"ast-content-background-meta":{"desktop":{"background-color":"var(--ast-global-color-5)","background-image":"","background-repeat":"repeat","background-position":"center center","background-size":"auto","background-attachment":"scroll","background-type":"","background-media":"","overlay-type":"","overlay-color":"","overlay-opacity":"","overlay-gradient":""},"tablet":{"background-color":"var(--ast-global-color-5)","background-image":"","background-repeat":"repeat","background-position":"center center","background-size":"auto","background-attachment":"scroll","background-type":"","background-media":"","overlay-type":"","overlay-color":"","overlay-opacity":"","overlay-gradient":""},"mobile":{"background-color":"var(--ast-global-color-5)","background-image":"","background-repeat":"repeat","background-position":"center center","background-size":"auto","background-attachment":"scroll","background-type":"","background-media":"","overlay-type":"","overlay-color":"","overlay-opacity":"","overlay-gradient":""}},"_themeisle_gutenberg_block_has_review":false,"footnotes":""},"class_list":["post-1930","page","type-page","status-publish","hentry"],"yoast_head":"<!-- This site is optimized with the Yoast SEO plugin v27.2 - https:\/\/yoast.com\/product\/yoast-seo-wordpress\/ -->\n<title>WingFoil - kitesurfnormandie.fr<\/title>\n<meta name=\"robots\" content=\"index, follow, max-snippet:-1, max-image-preview:large, max-video-preview:-1\" \/>\n<link rel=\"canonical\" href=\"https:\/\/kitesurfnormandie.fr\/?page_id=1930\" \/>\n<meta property=\"og:locale\" content=\"fr_FR\" \/>\n<meta property=\"og:type\" content=\"article\" \/>\n<meta property=\"og:title\" content=\"WingFoil - kitesurfnormandie.fr\" \/>\n<meta property=\"og:description\" content=\"WING FOIL L&rsquo;harmonie parfaite entre le windsurf, le kitesurf et le paddle. Le Wing Foil ouvre la voie \u00e0 un envol au-dessus des vagues, une exp\u00e9rience unique qui marie la sensation du vent avec la glisse sur l&rsquo;eau. Cette discipline novatrice se pratique sur une planche de stand up paddle courte et volumineuse, offrant une [&hellip;]\" \/>\n<meta property=\"og:url\" content=\"https:\/\/kitesurfnormandie.fr\/?page_id=1930\" \/>\n<meta property=\"og:site_name\" content=\"kitesurfnormandie.fr\" \/>\n<meta property=\"article:publisher\" content=\"https:\/\/www.facebook.com\/edenkiteschool\" \/>\n<meta property=\"article:modified_time\" content=\"2026-03-21T14:42:27+00:00\" \/>\n<meta name=\"twitter:card\" content=\"summary_large_image\" \/>\n<meta name=\"twitter:label1\" content=\"Dur\u00e9e de lecture estim\u00e9e\" \/>\n\t<meta name=\"twitter:data1\" content=\"2 minutes\" \/>\n<script type=\"application\/ld+json\" class=\"yoast-schema-graph\">{\"@context\":\"https:\/\/schema.org\",\"@graph\":[{\"@type\":\"WebPage\",\"@id\":\"https:\/\/kitesurfnormandie.fr\/?page_id=1930\",\"url\":\"https:\/\/kitesurfnormandie.fr\/?page_id=1930\",\"name\":\"WingFoil - kitesurfnormandie.fr\",\"isPartOf\":{\"@id\":\"https:\/\/kitesurfnormandie.fr\/#website\"},\"datePublished\":\"2023-08-22T20:31:15+00:00\",\"dateModified\":\"2026-03-21T14:42:27+00:00\",\"breadcrumb\":{\"@id\":\"https:\/\/kitesurfnormandie.fr\/?page_id=1930#breadcrumb\"},\"inLanguage\":\"fr-FR\",\"potentialAction\":[{\"@type\":\"ReadAction\",\"target\":[\"https:\/\/kitesurfnormandie.fr\/?page_id=1930\"]}]},{\"@type\":\"BreadcrumbList\",\"@id\":\"https:\/\/kitesurfnormandie.fr\/?page_id=1930#breadcrumb\",\"itemListElement\":[{\"@type\":\"ListItem\",\"position\":1,\"name\":\"Accueil\",\"item\":\"https:\/\/kitesurfnormandie.fr\/\"},{\"@type\":\"ListItem\",\"position\":2,\"name\":\"Nos activit\u00e9s\",\"item\":\"https:\/\/kitesurfnormandie.fr\/?page_id=1710\"},{\"@type\":\"ListItem\",\"position\":3,\"name\":\"WingFoil\"}]},{\"@type\":\"WebSite\",\"@id\":\"https:\/\/kitesurfnormandie.fr\/#website\",\"url\":\"https:\/\/kitesurfnormandie.fr\/\",\"name\":\"kitesurfnormandie.fr\",\"description\":\"\",\"publisher\":{\"@id\":\"https:\/\/kitesurfnormandie.fr\/#organization\"},\"potentialAction\":[{\"@type\":\"SearchAction\",\"target\":{\"@type\":\"EntryPoint\",\"urlTemplate\":\"https:\/\/kitesurfnormandie.fr\/?s={search_term_string}\"},\"query-input\":{\"@type\":\"PropertyValueSpecification\",\"valueRequired\":true,\"valueName\":\"search_term_string\"}}],\"inLanguage\":\"fr-FR\"},{\"@type\":\"Organization\",\"@id\":\"https:\/\/kitesurfnormandie.fr\/#organization\",\"name\":\"kitesurfnormandie.fr\",\"url\":\"https:\/\/kitesurfnormandie.fr\/\",\"logo\":{\"@type\":\"ImageObject\",\"inLanguage\":\"fr-FR\",\"@id\":\"https:\/\/kitesurfnormandie.fr\/#\/schema\/logo\/image\/\",\"url\":\"https:\/\/kitesurfnormandie.fr\/wp-content\/uploads\/2023\/09\/cropped-n-1.png\",\"contentUrl\":\"https:\/\/kitesurfnormandie.fr\/wp-content\/uploads\/2023\/09\/cropped-n-1.png\",\"width\":500,\"height\":228,\"caption\":\"kitesurfnormandie.fr\"},\"image\":{\"@id\":\"https:\/\/kitesurfnormandie.fr\/#\/schema\/logo\/image\/\"},\"sameAs\":[\"https:\/\/www.facebook.com\/edenkiteschool\"]}]}<\/script>\n<!-- \/ Yoast SEO plugin. -->","yoast_head_json":{"title":"WingFoil - kitesurfnormandie.fr","robots":{"index":"index","follow":"follow","max-snippet":"max-snippet:-1","max-image-preview":"max-image-preview:large","max-video-preview":"max-video-preview:-1"},"canonical":"https:\/\/kitesurfnormandie.fr\/?page_id=1930","og_locale":"fr_FR","og_type":"article","og_title":"WingFoil - kitesurfnormandie.fr","og_description":"WING FOIL L&rsquo;harmonie parfaite entre le windsurf, le kitesurf et le paddle. Le Wing Foil ouvre la voie \u00e0 un envol au-dessus des vagues, une exp\u00e9rience unique qui marie la sensation du vent avec la glisse sur l&rsquo;eau. Cette discipline novatrice se pratique sur une planche de stand up paddle courte et volumineuse, offrant une [&hellip;]","og_url":"https:\/\/kitesurfnormandie.fr\/?page_id=1930","og_site_name":"kitesurfnormandie.fr","article_publisher":"https:\/\/www.facebook.com\/edenkiteschool","article_modified_time":"2026-03-21T14:42:27+00:00","twitter_card":"summary_large_image","twitter_misc":{"Dur\u00e9e de lecture estim\u00e9e":"2 minutes"},"schema":{"@context":"https:\/\/schema.org","@graph":[{"@type":"WebPage","@id":"https:\/\/kitesurfnormandie.fr\/?page_id=1930","url":"https:\/\/kitesurfnormandie.fr\/?page_id=1930","name":"WingFoil - kitesurfnormandie.fr","isPartOf":{"@id":"https:\/\/kitesurfnormandie.fr\/#website"},"datePublished":"2023-08-22T20:31:15+00:00","dateModified":"2026-03-21T14:42:27+00:00","breadcrumb":{"@id":"https:\/\/kitesurfnormandie.fr\/?page_id=1930#breadcrumb"},"inLanguage":"fr-FR","potentialAction":[{"@type":"ReadAction","target":["https:\/\/kitesurfnormandie.fr\/?page_id=1930"]}]},{"@type":"BreadcrumbList","@id":"https:\/\/kitesurfnormandie.fr\/?page_id=1930#breadcrumb","itemListElement":[{"@type":"ListItem","position":1,"name":"Accueil","item":"https:\/\/kitesurfnormandie.fr\/"},{"@type":"ListItem","position":2,"name":"Nos activit\u00e9s","item":"https:\/\/kitesurfnormandie.fr\/?page_id=1710"},{"@type":"ListItem","position":3,"name":"WingFoil"}]},{"@type":"WebSite","@id":"https:\/\/kitesurfnormandie.fr\/#website","url":"https:\/\/kitesurfnormandie.fr\/","name":"kitesurfnormandie.fr","description":"","publisher":{"@id":"https:\/\/kitesurfnormandie.fr\/#organization"},"potentialAction":[{"@type":"SearchAction","target":{"@type":"EntryPoint","urlTemplate":"https:\/\/kitesurfnormandie.fr\/?s={search_term_string}"},"query-input":{"@type":"PropertyValueSpecification","valueRequired":true,"valueName":"search_term_string"}}],"inLanguage":"fr-FR"},{"@type":"Organization","@id":"https:\/\/kitesurfnormandie.fr\/#organization","name":"kitesurfnormandie.fr","url":"https:\/\/kitesurfnormandie.fr\/","logo":{"@type":"ImageObject","inLanguage":"fr-FR","@id":"https:\/\/kitesurfnormandie.fr\/#\/schema\/logo\/image\/","url":"https:\/\/kitesurfnormandie.fr\/wp-content\/uploads\/2023\/09\/cropped-n-1.png","contentUrl":"https:\/\/kitesurfnormandie.fr\/wp-content\/uploads\/2023\/09\/cropped-n-1.png","width":500,"height":228,"caption":"kitesurfnormandie.fr"},"image":{"@id":"https:\/\/kitesurfnormandie.fr\/#\/schema\/logo\/image\/"},"sameAs":["https:\/\/www.facebook.com\/edenkiteschool"]}]}},"uagb_featured_image_src":{"full":false,"thumbnail":false,"medium":false,"medium_large":false,"large":false,"1536x1536":false,"2048x2048":false},"uagb_author_info":{"display_name":"kitesurfnormandie.fr","author_link":"https:\/\/kitesurfnormandie.fr\/?author=1"},"uagb_comment_info":0,"uagb_excerpt":"WING FOIL L&rsquo;harmonie parfaite entre le windsurf, le kitesurf et le paddle. Le Wing Foil ouvre la voie \u00e0 un envol au-dessus des vagues, une exp\u00e9rience unique qui marie la sensation du vent avec la glisse sur l&rsquo;eau. Cette discipline novatrice se pratique sur une planche de stand up paddle courte et volumineuse, offrant une\u2026","_links":{"self":[{"href":"https:\/\/kitesurfnormandie.fr\/index.php?rest_route=\/wp\/v2\/pages\/1930","targetHints":{"allow":["GET"]}}],"collection":[{"href":"https:\/\/kitesurfnormandie.fr\/index.php?rest_route=\/wp\/v2\/pages"}],"about":[{"href":"https:\/\/kitesurfnormandie.fr\/index.php?rest_route=\/wp\/v2\/types\/page"}],"author":[{"embeddable":true,"href":"https:\/\/kitesurfnormandie.fr\/index.php?rest_route=\/wp\/v2\/users\/1"}],"replies":[{"embeddable":true,"href":"https:\/\/kitesurfnormandie.fr\/index.php?rest_route=%2Fwp%2Fv2%2Fcomments&post=1930"}],"version-history":[{"count":77,"href":"https:\/\/kitesurfnormandie.fr\/index.php?rest_route=\/wp\/v2\/pages\/1930\/revisions"}],"predecessor-version":[{"id":2395,"href":"https:\/\/kitesurfnormandie.fr\/index.php?rest_route=\/wp\/v2\/pages\/1930\/revisions\/2395"}],"up":[{"embeddable":true,"href":"https:\/\/kitesurfnormandie.fr\/index.php?rest_route=\/wp\/v2\/pages\/1710"}],"wp:attachment":[{"href":"https:\/\/kitesurfnormandie.fr\/index.php?rest_route=%2Fwp%2Fv2%2Fmedia&parent=1930"}],"curies":[{"name":"wp","href":"https:\/\/api.w.org\/{rel}","templated":true}]}}