{"id":1710,"date":"2021-11-21T15:14:19","date_gmt":"2021-11-21T14:14:19","guid":{"rendered":"https:\/\/kitesurfnormandie.fr\/?page_id=1710"},"modified":"2026-03-21T15:45:06","modified_gmt":"2026-03-21T14:45:06","slug":"about","status":"publish","type":"page","link":"https:\/\/kitesurfnormandie.fr\/?page_id=1710","title":{"rendered":"Nos activit\u00e9s"},"content":{"rendered":"\t\t<div data-elementor-type=\"wp-page\" data-elementor-id=\"1710\" class=\"elementor elementor-1710\">\n\t\t\t\t\t\t<section class=\"elementor-section elementor-top-section elementor-element elementor-element-3447f83 elementor-section-height-min-height elementor-section-boxed elementor-section-height-default elementor-section-items-middle\" data-id=\"3447f83\" data-element_type=\"section\" data-e-type=\"section\" data-settings=\"{&quot;background_background&quot;:&quot;classic&quot;}\">\n\t\t\t\t\t\t<div class=\"elementor-container elementor-column-gap-default\">\n\t\t\t\t\t<div class=\"elementor-column elementor-col-100 elementor-top-column elementor-element elementor-element-b3a35f8\" data-id=\"b3a35f8\" data-element_type=\"column\" data-e-type=\"column\">\n\t\t\t<div class=\"elementor-widget-wrap elementor-element-populated\">\n\t\t\t\t\t\t<div class=\"elementor-element elementor-element-32eb271 elementor-widget elementor-widget-heading\" data-id=\"32eb271\" data-element_type=\"widget\" data-e-type=\"widget\" data-widget_type=\"heading.default\">\n\t\t\t\t<div class=\"elementor-widget-container\">\n\t\t\t\t\t<h1 class=\"elementor-heading-title elementor-size-default\">Nos Activit\u00e9s en Normandie<\/h1>\t\t\t\t<\/div>\n\t\t\t\t<\/div>\n\t\t\t\t\t<\/div>\n\t\t<\/div>\n\t\t\t\t\t<\/div>\n\t\t<\/section>\n\t\t\t\t<section class=\"elementor-section elementor-top-section elementor-element elementor-element-307a93b elementor-section-boxed elementor-section-height-default elementor-section-height-default\" data-id=\"307a93b\" data-element_type=\"section\" data-e-type=\"section\">\n\t\t\t\t\t\t<div class=\"elementor-container elementor-column-gap-wide\">\n\t\t\t\t\t<div class=\"elementor-column elementor-col-50 elementor-top-column elementor-element elementor-element-98c1078\" data-id=\"98c1078\" data-element_type=\"column\" data-e-type=\"column\">\n\t\t\t<div class=\"elementor-widget-wrap elementor-element-populated\">\n\t\t\t\t\t\t<div class=\"elementor-element elementor-element-df037ee elementor-invisible elementor-widget elementor-widget-image\" data-id=\"df037ee\" data-element_type=\"widget\" data-e-type=\"widget\" data-settings=\"{&quot;_animation&quot;:&quot;fadeInLeft&quot;}\" data-widget_type=\"image.default\">\n\t\t\t\t<div class=\"elementor-widget-container\">\n\t\t\t\t\t\t\t\t\t\t\t\t\t\t\t\t<a href=\"https:\/\/kitesurfnormandie.fr\/?page_id=1869\">\n\t\t\t\t\t\t\t<img fetchpriority=\"high\" decoding=\"async\" width=\"720\" height=\"540\" src=\"https:\/\/kitesurfnormandie.fr\/wp-content\/uploads\/2023\/08\/308984480_454157303402323_69361885250058193_n.jpg\" class=\"attachment-full size-full wp-image-1840\" alt=\"\" srcset=\"https:\/\/kitesurfnormandie.fr\/wp-content\/uploads\/2023\/08\/308984480_454157303402323_69361885250058193_n.jpg 720w, https:\/\/kitesurfnormandie.fr\/wp-content\/uploads\/2023\/08\/308984480_454157303402323_69361885250058193_n-300x225.jpg 300w\" sizes=\"(max-width: 720px) 100vw, 720px\" \/>\t\t\t\t\t\t\t\t<\/a>\n\t\t\t\t\t\t\t\t\t\t\t\t\t\t\t<\/div>\n\t\t\t\t<\/div>\n\t\t\t\t<div class=\"elementor-element elementor-element-227be6c elementor-invisible elementor-widget elementor-widget-heading\" data-id=\"227be6c\" data-element_type=\"widget\" data-e-type=\"widget\" data-settings=\"{&quot;_animation&quot;:&quot;fadeInLeft&quot;}\" data-widget_type=\"heading.default\">\n\t\t\t\t<div class=\"elementor-widget-container\">\n\t\t\t\t\t<h4 class=\"elementor-heading-title elementor-size-default\"><a href=\"https:\/\/kitesurfnormandie.fr\/?page_id=1869\">KITESURF et KITEFOIL<\/a><\/h4>\t\t\t\t<\/div>\n\t\t\t\t<\/div>\n\t\t\t\t<div class=\"elementor-element elementor-element-ae7bbca elementor-invisible elementor-widget elementor-widget-text-editor\" data-id=\"ae7bbca\" data-element_type=\"widget\" data-e-type=\"widget\" data-settings=\"{&quot;_animation&quot;:&quot;fadeInLeft&quot;}\" data-widget_type=\"text-editor.default\">\n\t\t\t\t<div class=\"elementor-widget-container\">\n\t\t\t\t\t\t\t\t\t<p><span style=\"font-weight: 400;\">Apprendre le kitesurf en toute s\u00e9curit\u00e9<\/span><\/p>\t\t\t\t\t\t\t\t<\/div>\n\t\t\t\t<\/div>\n\t\t\t\t\t<\/div>\n\t\t<\/div>\n\t\t\t\t<div class=\"elementor-column elementor-col-50 elementor-top-column elementor-element elementor-element-983c1c2\" data-id=\"983c1c2\" data-element_type=\"column\" data-e-type=\"column\">\n\t\t\t<div class=\"elementor-widget-wrap elementor-element-populated\">\n\t\t\t\t\t\t<div class=\"elementor-element elementor-element-68a2c0b elementor-widget elementor-widget-image\" data-id=\"68a2c0b\" data-element_type=\"widget\" data-e-type=\"widget\" data-widget_type=\"image.default\">\n\t\t\t\t<div class=\"elementor-widget-container\">\n\t\t\t\t\t\t\t\t\t\t\t\t\t\t\t\t<a href=\"https:\/\/kitesurfnormandie.fr\/?page_id=1930\">\n\t\t\t\t\t\t\t<img decoding=\"async\" width=\"1440\" height=\"1440\" src=\"https:\/\/kitesurfnormandie.fr\/wp-content\/uploads\/2023\/08\/290625568_5044995415608951_8439971431180656618_n.jpg\" class=\"attachment-full size-full wp-image-1841\" alt=\"\" srcset=\"https:\/\/kitesurfnormandie.fr\/wp-content\/uploads\/2023\/08\/290625568_5044995415608951_8439971431180656618_n.jpg 1440w, https:\/\/kitesurfnormandie.fr\/wp-content\/uploads\/2023\/08\/290625568_5044995415608951_8439971431180656618_n-300x300.jpg 300w, https:\/\/kitesurfnormandie.fr\/wp-content\/uploads\/2023\/08\/290625568_5044995415608951_8439971431180656618_n-1024x1024.jpg 1024w, https:\/\/kitesurfnormandie.fr\/wp-content\/uploads\/2023\/08\/290625568_5044995415608951_8439971431180656618_n-150x150.jpg 150w, https:\/\/kitesurfnormandie.fr\/wp-content\/uploads\/2023\/08\/290625568_5044995415608951_8439971431180656618_n-768x768.jpg 768w\" sizes=\"(max-width: 1440px) 100vw, 1440px\" \/>\t\t\t\t\t\t\t\t<\/a>\n\t\t\t\t\t\t\t\t\t\t\t\t\t\t\t<\/div>\n\t\t\t\t<\/div>\n\t\t\t\t<div class=\"elementor-element elementor-element-2e5f37b elementor-widget elementor-widget-heading\" data-id=\"2e5f37b\" data-element_type=\"widget\" data-e-type=\"widget\" data-widget_type=\"heading.default\">\n\t\t\t\t<div class=\"elementor-widget-container\">\n\t\t\t\t\t<h4 class=\"elementor-heading-title elementor-size-default\"><a href=\"https:\/\/kitesurfnormandie.fr\/?page_id=1930\">WING FOIL<\/a><\/h4>\t\t\t\t<\/div>\n\t\t\t\t<\/div>\n\t\t\t\t<div class=\"elementor-element elementor-element-84adc78 elementor-widget elementor-widget-text-editor\" data-id=\"84adc78\" data-element_type=\"widget\" data-e-type=\"widget\" data-widget_type=\"text-editor.default\">\n\t\t\t\t<div class=\"elementor-widget-container\">\n\t\t\t\t\t\t\t\t\t<p>Apprenez \u00e0 voler sur l&rsquo;eau avec nos cours de Wing Foil accessibles \u00e0 tous.<\/p>\t\t\t\t\t\t\t\t<\/div>\n\t\t\t\t<\/div>\n\t\t\t\t\t<\/div>\n\t\t<\/div>\n\t\t\t\t\t<\/div>\n\t\t<\/section>\n\t\t\t\t<\/div>\n\t\t","protected":false},"excerpt":{"rendered":"<p>Nos Activit\u00e9s en Normandie KITESURF et KITEFOIL Apprendre le kitesurf en toute s\u00e9curit\u00e9 WING FOIL Apprenez \u00e0 voler sur l&rsquo;eau avec nos cours de Wing Foil accessibles \u00e0 tous.<\/p>\n","protected":false},"author":1,"featured_media":0,"parent":0,"menu_order":0,"comment_status":"closed","ping_status":"closed","template":"","meta":{"_uag_custom_page_level_css":"","_monsterinsights_skip_tracking":false,"_monsterinsights_sitenote_active":false,"_monsterinsights_sitenote_note":"","_monsterinsights_sitenote_category":0,"site-sidebar-layout":"no-sidebar","site-content-layout":"page-builder","ast-site-content-layout":"full-width-container","site-content-style":"unboxed","site-sidebar-style":"unboxed","ast-global-header-display":"","ast-banner-title-visibility":"","ast-main-header-display":"","ast-hfb-above-header-display":"","ast-hfb-below-header-display":"","ast-hfb-mobile-header-display":"","site-post-title":"disabled","ast-breadcrumbs-content":"","ast-featured-img":"disabled","footer-sml-layout":"","theme-transparent-header-meta":"enabled","adv-header-id-meta":"","stick-header-meta":"","header-above-stick-meta":"","header-main-stick-meta":"","header-below-stick-meta":"","astra-migrate-meta-layouts":"set","ast-page-background-enabled":"default","ast-page-background-meta":{"desktop":{"background-color":"var(--ast-global-color-4)","background-image":"","background-repeat":"repeat","background-position":"center center","background-size":"auto","background-attachment":"scroll","background-type":"","background-media":"","overlay-type":"","overlay-color":"","overlay-opacity":"","overlay-gradient":""},"tablet":{"background-color":"","background-image":"","background-repeat":"repeat","background-position":"center center","background-size":"auto","background-attachment":"scroll","background-type":"","background-media":"","overlay-type":"","overlay-color":"","overlay-opacity":"","overlay-gradient":""},"mobile":{"background-color":"","background-image":"","background-repeat":"repeat","background-position":"center center","background-size":"auto","background-attachment":"scroll","background-type":"","background-media":"","overlay-type":"","overlay-color":"","overlay-opacity":"","overlay-gradient":""}},"ast-content-background-meta":{"desktop":{"background-color":"var(--ast-global-color-5)","background-image":"","background-repeat":"repeat","background-position":"center center","background-size":"auto","background-attachment":"scroll","background-type":"","background-media":"","overlay-type":"","overlay-color":"","overlay-opacity":"","overlay-gradient":""},"tablet":{"background-color":"var(--ast-global-color-5)","background-image":"","background-repeat":"repeat","background-position":"center center","background-size":"auto","background-attachment":"scroll","background-type":"","background-media":"","overlay-type":"","overlay-color":"","overlay-opacity":"","overlay-gradient":""},"mobile":{"background-color":"var(--ast-global-color-5)","background-image":"","background-repeat":"repeat","background-position":"center center","background-size":"auto","background-attachment":"scroll","background-type":"","background-media":"","overlay-type":"","overlay-color":"","overlay-opacity":"","overlay-gradient":""}},"_themeisle_gutenberg_block_has_review":false,"footnotes":""},"class_list":["post-1710","page","type-page","status-publish","hentry"],"yoast_head":"<!-- This site is optimized with the Yoast SEO plugin v27.2 - https:\/\/yoast.com\/product\/yoast-seo-wordpress\/ -->\n<title>Nos activit\u00e9s - kitesurfnormandie.fr<\/title>\n<meta name=\"robots\" content=\"index, follow, max-snippet:-1, max-image-preview:large, max-video-preview:-1\" \/>\n<link rel=\"canonical\" href=\"https:\/\/kitesurfnormandie.fr\/?page_id=1710\" \/>\n<meta property=\"og:locale\" content=\"fr_FR\" \/>\n<meta property=\"og:type\" content=\"article\" \/>\n<meta property=\"og:title\" content=\"Nos activit\u00e9s - kitesurfnormandie.fr\" \/>\n<meta property=\"og:description\" content=\"Nos Activit\u00e9s en Normandie KITESURF et KITEFOIL Apprendre le kitesurf en toute s\u00e9curit\u00e9 WING FOIL Apprenez \u00e0 voler sur l&rsquo;eau avec nos cours de Wing Foil accessibles \u00e0 tous.\" \/>\n<meta property=\"og:url\" content=\"https:\/\/kitesurfnormandie.fr\/?page_id=1710\" \/>\n<meta property=\"og:site_name\" content=\"kitesurfnormandie.fr\" \/>\n<meta property=\"article:publisher\" content=\"https:\/\/www.facebook.com\/edenkiteschool\" \/>\n<meta property=\"article:modified_time\" content=\"2026-03-21T14:45:06+00:00\" \/>\n<meta property=\"og:image\" content=\"https:\/\/kitesurfnormandie.fr\/wp-content\/uploads\/2023\/08\/308984480_454157303402323_69361885250058193_n.jpg\" \/>\n\t<meta property=\"og:image:width\" content=\"720\" \/>\n\t<meta property=\"og:image:height\" content=\"540\" \/>\n\t<meta property=\"og:image:type\" content=\"image\/jpeg\" \/>\n<meta name=\"twitter:card\" content=\"summary_large_image\" \/>\n<meta name=\"twitter:label1\" content=\"Dur\u00e9e de lecture estim\u00e9e\" \/>\n\t<meta name=\"twitter:data1\" content=\"1 minute\" \/>\n<script type=\"application\/ld+json\" class=\"yoast-schema-graph\">{\"@context\":\"https:\/\/schema.org\",\"@graph\":[{\"@type\":\"WebPage\",\"@id\":\"https:\/\/kitesurfnormandie.fr\/?page_id=1710\",\"url\":\"https:\/\/kitesurfnormandie.fr\/?page_id=1710\",\"name\":\"Nos activit\u00e9s - kitesurfnormandie.fr\",\"isPartOf\":{\"@id\":\"https:\/\/kitesurfnormandie.fr\/#website\"},\"primaryImageOfPage\":{\"@id\":\"https:\/\/kitesurfnormandie.fr\/?page_id=1710#primaryimage\"},\"image\":{\"@id\":\"https:\/\/kitesurfnormandie.fr\/?page_id=1710#primaryimage\"},\"thumbnailUrl\":\"http:\/\/kitesurfnormandie.fr\/wp-content\/uploads\/2023\/08\/308984480_454157303402323_69361885250058193_n.jpg\",\"datePublished\":\"2021-11-21T14:14:19+00:00\",\"dateModified\":\"2026-03-21T14:45:06+00:00\",\"breadcrumb\":{\"@id\":\"https:\/\/kitesurfnormandie.fr\/?page_id=1710#breadcrumb\"},\"inLanguage\":\"fr-FR\",\"potentialAction\":[{\"@type\":\"ReadAction\",\"target\":[\"https:\/\/kitesurfnormandie.fr\/?page_id=1710\"]}]},{\"@type\":\"ImageObject\",\"inLanguage\":\"fr-FR\",\"@id\":\"https:\/\/kitesurfnormandie.fr\/?page_id=1710#primaryimage\",\"url\":\"https:\/\/kitesurfnormandie.fr\/wp-content\/uploads\/2023\/08\/308984480_454157303402323_69361885250058193_n.jpg\",\"contentUrl\":\"https:\/\/kitesurfnormandie.fr\/wp-content\/uploads\/2023\/08\/308984480_454157303402323_69361885250058193_n.jpg\",\"width\":720,\"height\":540},{\"@type\":\"BreadcrumbList\",\"@id\":\"https:\/\/kitesurfnormandie.fr\/?page_id=1710#breadcrumb\",\"itemListElement\":[{\"@type\":\"ListItem\",\"position\":1,\"name\":\"Accueil\",\"item\":\"https:\/\/kitesurfnormandie.fr\/\"},{\"@type\":\"ListItem\",\"position\":2,\"name\":\"Nos activit\u00e9s\"}]},{\"@type\":\"WebSite\",\"@id\":\"https:\/\/kitesurfnormandie.fr\/#website\",\"url\":\"https:\/\/kitesurfnormandie.fr\/\",\"name\":\"kitesurfnormandie.fr\",\"description\":\"\",\"publisher\":{\"@id\":\"https:\/\/kitesurfnormandie.fr\/#organization\"},\"potentialAction\":[{\"@type\":\"SearchAction\",\"target\":{\"@type\":\"EntryPoint\",\"urlTemplate\":\"https:\/\/kitesurfnormandie.fr\/?s={search_term_string}\"},\"query-input\":{\"@type\":\"PropertyValueSpecification\",\"valueRequired\":true,\"valueName\":\"search_term_string\"}}],\"inLanguage\":\"fr-FR\"},{\"@type\":\"Organization\",\"@id\":\"https:\/\/kitesurfnormandie.fr\/#organization\",\"name\":\"kitesurfnormandie.fr\",\"url\":\"https:\/\/kitesurfnormandie.fr\/\",\"logo\":{\"@type\":\"ImageObject\",\"inLanguage\":\"fr-FR\",\"@id\":\"https:\/\/kitesurfnormandie.fr\/#\/schema\/logo\/image\/\",\"url\":\"https:\/\/kitesurfnormandie.fr\/wp-content\/uploads\/2023\/09\/cropped-n-1.png\",\"contentUrl\":\"https:\/\/kitesurfnormandie.fr\/wp-content\/uploads\/2023\/09\/cropped-n-1.png\",\"width\":500,\"height\":228,\"caption\":\"kitesurfnormandie.fr\"},\"image\":{\"@id\":\"https:\/\/kitesurfnormandie.fr\/#\/schema\/logo\/image\/\"},\"sameAs\":[\"https:\/\/www.facebook.com\/edenkiteschool\"]}]}<\/script>\n<!-- \/ Yoast SEO plugin. -->","yoast_head_json":{"title":"Nos activit\u00e9s - kitesurfnormandie.fr","robots":{"index":"index","follow":"follow","max-snippet":"max-snippet:-1","max-image-preview":"max-image-preview:large","max-video-preview":"max-video-preview:-1"},"canonical":"https:\/\/kitesurfnormandie.fr\/?page_id=1710","og_locale":"fr_FR","og_type":"article","og_title":"Nos activit\u00e9s - kitesurfnormandie.fr","og_description":"Nos Activit\u00e9s en Normandie KITESURF et KITEFOIL Apprendre le kitesurf en toute s\u00e9curit\u00e9 WING FOIL Apprenez \u00e0 voler sur l&rsquo;eau avec nos cours de Wing Foil accessibles \u00e0 tous.","og_url":"https:\/\/kitesurfnormandie.fr\/?page_id=1710","og_site_name":"kitesurfnormandie.fr","article_publisher":"https:\/\/www.facebook.com\/edenkiteschool","article_modified_time":"2026-03-21T14:45:06+00:00","og_image":[{"width":720,"height":540,"url":"https:\/\/kitesurfnormandie.fr\/wp-content\/uploads\/2023\/08\/308984480_454157303402323_69361885250058193_n.jpg","type":"image\/jpeg"}],"twitter_card":"summary_large_image","twitter_misc":{"Dur\u00e9e de lecture estim\u00e9e":"1 minute"},"schema":{"@context":"https:\/\/schema.org","@graph":[{"@type":"WebPage","@id":"https:\/\/kitesurfnormandie.fr\/?page_id=1710","url":"https:\/\/kitesurfnormandie.fr\/?page_id=1710","name":"Nos activit\u00e9s - kitesurfnormandie.fr","isPartOf":{"@id":"https:\/\/kitesurfnormandie.fr\/#website"},"primaryImageOfPage":{"@id":"https:\/\/kitesurfnormandie.fr\/?page_id=1710#primaryimage"},"image":{"@id":"https:\/\/kitesurfnormandie.fr\/?page_id=1710#primaryimage"},"thumbnailUrl":"http:\/\/kitesurfnormandie.fr\/wp-content\/uploads\/2023\/08\/308984480_454157303402323_69361885250058193_n.jpg","datePublished":"2021-11-21T14:14:19+00:00","dateModified":"2026-03-21T14:45:06+00:00","breadcrumb":{"@id":"https:\/\/kitesurfnormandie.fr\/?page_id=1710#breadcrumb"},"inLanguage":"fr-FR","potentialAction":[{"@type":"ReadAction","target":["https:\/\/kitesurfnormandie.fr\/?page_id=1710"]}]},{"@type":"ImageObject","inLanguage":"fr-FR","@id":"https:\/\/kitesurfnormandie.fr\/?page_id=1710#primaryimage","url":"https:\/\/kitesurfnormandie.fr\/wp-content\/uploads\/2023\/08\/308984480_454157303402323_69361885250058193_n.jpg","contentUrl":"https:\/\/kitesurfnormandie.fr\/wp-content\/uploads\/2023\/08\/308984480_454157303402323_69361885250058193_n.jpg","width":720,"height":540},{"@type":"BreadcrumbList","@id":"https:\/\/kitesurfnormandie.fr\/?page_id=1710#breadcrumb","itemListElement":[{"@type":"ListItem","position":1,"name":"Accueil","item":"https:\/\/kitesurfnormandie.fr\/"},{"@type":"ListItem","position":2,"name":"Nos activit\u00e9s"}]},{"@type":"WebSite","@id":"https:\/\/kitesurfnormandie.fr\/#website","url":"https:\/\/kitesurfnormandie.fr\/","name":"kitesurfnormandie.fr","description":"","publisher":{"@id":"https:\/\/kitesurfnormandie.fr\/#organization"},"potentialAction":[{"@type":"SearchAction","target":{"@type":"EntryPoint","urlTemplate":"https:\/\/kitesurfnormandie.fr\/?s={search_term_string}"},"query-input":{"@type":"PropertyValueSpecification","valueRequired":true,"valueName":"search_term_string"}}],"inLanguage":"fr-FR"},{"@type":"Organization","@id":"https:\/\/kitesurfnormandie.fr\/#organization","name":"kitesurfnormandie.fr","url":"https:\/\/kitesurfnormandie.fr\/","logo":{"@type":"ImageObject","inLanguage":"fr-FR","@id":"https:\/\/kitesurfnormandie.fr\/#\/schema\/logo\/image\/","url":"https:\/\/kitesurfnormandie.fr\/wp-content\/uploads\/2023\/09\/cropped-n-1.png","contentUrl":"https:\/\/kitesurfnormandie.fr\/wp-content\/uploads\/2023\/09\/cropped-n-1.png","width":500,"height":228,"caption":"kitesurfnormandie.fr"},"image":{"@id":"https:\/\/kitesurfnormandie.fr\/#\/schema\/logo\/image\/"},"sameAs":["https:\/\/www.facebook.com\/edenkiteschool"]}]}},"uagb_featured_image_src":{"full":false,"thumbnail":false,"medium":false,"medium_large":false,"large":false,"1536x1536":false,"2048x2048":false},"uagb_author_info":{"display_name":"kitesurfnormandie.fr","author_link":"https:\/\/kitesurfnormandie.fr\/?author=1"},"uagb_comment_info":0,"uagb_excerpt":"Nos Activit\u00e9s en Normandie KITESURF et KITEFOIL Apprendre le kitesurf en toute s\u00e9curit\u00e9 WING FOIL Apprenez \u00e0 voler sur l&rsquo;eau avec nos cours de Wing Foil accessibles \u00e0 tous.","_links":{"self":[{"href":"https:\/\/kitesurfnormandie.fr\/index.php?rest_route=\/wp\/v2\/pages\/1710","targetHints":{"allow":["GET"]}}],"collection":[{"href":"https:\/\/kitesurfnormandie.fr\/index.php?rest_route=\/wp\/v2\/pages"}],"about":[{"href":"https:\/\/kitesurfnormandie.fr\/index.php?rest_route=\/wp\/v2\/types\/page"}],"author":[{"embeddable":true,"href":"https:\/\/kitesurfnormandie.fr\/index.php?rest_route=\/wp\/v2\/users\/1"}],"replies":[{"embeddable":true,"href":"https:\/\/kitesurfnormandie.fr\/index.php?rest_route=%2Fwp%2Fv2%2Fcomments&post=1710"}],"version-history":[{"count":29,"href":"https:\/\/kitesurfnormandie.fr\/index.php?rest_route=\/wp\/v2\/pages\/1710\/revisions"}],"predecessor-version":[{"id":2399,"href":"https:\/\/kitesurfnormandie.fr\/index.php?rest_route=\/wp\/v2\/pages\/1710\/revisions\/2399"}],"wp:attachment":[{"href":"https:\/\/kitesurfnormandie.fr\/index.php?rest_route=%2Fwp%2Fv2%2Fmedia&parent=1710"}],"curies":[{"name":"wp","href":"https:\/\/api.w.org\/{rel}","templated":true}]}}